{"id":158,"date":"2018-12-06T12:49:02","date_gmt":"2018-12-06T12:49:02","guid":{"rendered":"https:\/\/platinumst.com.br\/index.php\/about\/"},"modified":"2022-10-25T23:23:24","modified_gmt":"2022-10-25T23:23:24","slug":"noticias","status":"publish","type":"page","link":"https:\/\/platinumst.com.br\/index.php\/noticias\/","title":{"rendered":"Not\u00edcias"},"content":{"rendered":"\t\t<div data-elementor-type=\"wp-post\" data-elementor-id=\"158\" class=\"elementor elementor-158\">\n\t\t\t\t\t\t\t\t\t<section class=\"elementor-section elementor-top-section elementor-element elementor-element-76e7b3c elementor-section-boxed elementor-section-height-default elementor-section-height-default\" data-id=\"76e7b3c\" data-element_type=\"section\" data-settings=\"{&quot;background_background&quot;:&quot;classic&quot;}\">\n\t\t\t\t\t\t<div class=\"elementor-container elementor-column-gap-default\">\n\t\t\t\t\t<div class=\"elementor-column elementor-col-100 elementor-top-column elementor-element elementor-element-e37513e\" data-id=\"e37513e\" data-element_type=\"column\">\n\t\t\t<div class=\"elementor-widget-wrap\">\n\t\t\t\t\t\t\t\t\t<\/div>\n\t\t<\/div>\n\t\t\t\t\t\t\t<\/div>\n\t\t<\/section>\n\t\t\t\t<section class=\"elementor-section elementor-top-section elementor-element elementor-element-abeaf0d elementor-section-boxed elementor-section-height-default elementor-section-height-default\" data-id=\"abeaf0d\" data-element_type=\"section\">\n\t\t\t\t\t\t<div class=\"elementor-container elementor-column-gap-default\">\n\t\t\t\t\t<div class=\"elementor-column elementor-col-100 elementor-top-column elementor-element elementor-element-0866425\" data-id=\"0866425\" data-element_type=\"column\">\n\t\t\t<div class=\"elementor-widget-wrap elementor-element-populated\">\n\t\t\t\t\t\t\t\t<div class=\"elementor-element elementor-element-18c810c elementor-widget elementor-widget-heading\" data-id=\"18c810c\" data-element_type=\"widget\" data-widget_type=\"heading.default\">\n\t\t\t\t<div class=\"elementor-widget-container\">\n\t\t\t<style>\/*! elementor - v3.14.0 - 26-06-2023 *\/\n.elementor-heading-title{padding:0;margin:0;line-height:1}.elementor-widget-heading .elementor-heading-title[class*=elementor-size-]>a{color:inherit;font-size:inherit;line-height:inherit}.elementor-widget-heading .elementor-heading-title.elementor-size-small{font-size:15px}.elementor-widget-heading .elementor-heading-title.elementor-size-medium{font-size:19px}.elementor-widget-heading .elementor-heading-title.elementor-size-large{font-size:29px}.elementor-widget-heading .elementor-heading-title.elementor-size-xl{font-size:39px}.elementor-widget-heading .elementor-heading-title.elementor-size-xxl{font-size:59px}<\/style><h2 class=\"elementor-heading-title elementor-size-default\">Ultimas Not\u00edcias<\/h2>\t\t<\/div>\n\t\t\t\t<\/div>\n\t\t\t\t<div class=\"elementor-element elementor-element-d4dfb30 elementor-grid-eael-col-4 elementor-grid-tablet-eael-col-2 elementor-grid-mobile-eael-col-1 elementor-widget elementor-widget-eael-post-grid\" data-id=\"d4dfb30\" data-element_type=\"widget\" id=\"postpage\" data-settings=\"{&quot;eael_post_grid_columns&quot;:&quot;eael-col-4&quot;,&quot;eael_post_grid_columns_tablet&quot;:&quot;eael-col-2&quot;,&quot;eael_post_grid_columns_mobile&quot;:&quot;eael-col-1&quot;}\" data-widget_type=\"eael-post-grid.default\">\n\t\t\t\t<div class=\"elementor-widget-container\">\n\t\t\t<div id=\"eael-post-grid-d4dfb30\" class=\"eael-post-grid-container\">\n            <div class=\"eael-post-grid eael-post-appender eael-post-appender-d4dfb30 eael-post-grid-style-default\" data-layout-mode=\"grid\"><article class=\"eael-grid-post eael-post-grid-column\" data-id=\"26022\">\n        <div class=\"eael-grid-post-holder\">\n            <div class=\"eael-grid-post-holder-inner\"><div class=\"eael-entry-media\"><div class=\"eael-entry-overlay fade-in\"><i class=\"fas fa-long-arrow-alt-right\" aria-hidden=\"true\"><\/i><a href=\"https:\/\/platinumst.com.br\/index.php\/2025\/08\/14\/%e2%9d%a4-hoje-e-dia-de-celebrar-quem-mantem-o-ritmo-da-vida\/\"><\/a><\/div><div class=\"eael-entry-thumbnail \">\n                <img width=\"240\" height=\"300\" src=\"https:\/\/platinumst.com.br\/wp-content\/uploads\/2025\/09\/SaveClip.App_531389552_18014516822779645_527679362082263217_n-240x300.jpg\" class=\"attachment-medium size-medium wp-image-26023\" alt=\"\" decoding=\"async\" loading=\"lazy\" srcset=\"https:\/\/platinumst.com.br\/wp-content\/uploads\/2025\/09\/SaveClip.App_531389552_18014516822779645_527679362082263217_n-240x300.jpg 240w, https:\/\/platinumst.com.br\/wp-content\/uploads\/2025\/09\/SaveClip.App_531389552_18014516822779645_527679362082263217_n-819x1024.jpg 819w, https:\/\/platinumst.com.br\/wp-content\/uploads\/2025\/09\/SaveClip.App_531389552_18014516822779645_527679362082263217_n-768x960.jpg 768w, https:\/\/platinumst.com.br\/wp-content\/uploads\/2025\/09\/SaveClip.App_531389552_18014516822779645_527679362082263217_n.jpg 1080w\" sizes=\"(max-width: 240px) 100vw, 240px\" \/>\n            <\/div>\n        <\/div><div class=\"eael-entry-wrapper\"><header class=\"eael-entry-header\"><h2 class=\"eael-entry-title\"><a\n                        class=\"eael-grid-post-link\"\n                        href=\"https:\/\/platinumst.com.br\/index.php\/2025\/08\/14\/%e2%9d%a4-hoje-e-dia-de-celebrar-quem-mantem-o-ritmo-da-vida\/\"\n                        title=\"\u2764 Hoje \u00e9 dia de celebrar quem mant\u00e9m o ritmo da vida!\">\u2764 Hoje \u00e9 dia de celebrar quem mant\u00e9m o ritmo da vida!<\/a><\/h2><\/header><div class=\"eael-entry-content\">\n                        <div class=\"eael-grid-post-excerpt\"><p>No Dia do Cardiologista, a Platinum reconhece e agradece a todos os profissionais que, com precis\u00e3o, cuidado e dedica\u00e7\u00e3o, zelam pela sa\u00fade do cora\u00e7\u00e3o e pelo bem-estar de...<\/p><\/div>\n                    <\/div><div class=\"eael-entry-footer\"><div class=\"eael-entry-meta\"><\/div><\/div><\/div><\/div>\n        <\/div>\n    <\/article><article class=\"eael-grid-post eael-post-grid-column\" data-id=\"26019\">\n        <div class=\"eael-grid-post-holder\">\n            <div class=\"eael-grid-post-holder-inner\"><div class=\"eael-entry-media\"><div class=\"eael-entry-overlay fade-in\"><i class=\"fas fa-long-arrow-alt-right\" aria-hidden=\"true\"><\/i><a href=\"https:\/\/platinumst.com.br\/index.php\/2025\/05\/12\/12-de-maio-dia-da-enfermagem\/\"><\/a><\/div><div class=\"eael-entry-thumbnail \">\n                <img width=\"300\" height=\"300\" src=\"https:\/\/platinumst.com.br\/wp-content\/uploads\/2025\/09\/SaveClip.App_497105999_18003375488779645_2696247861303687064_n-300x300.jpg\" class=\"attachment-medium size-medium wp-image-26020\" alt=\"\" decoding=\"async\" loading=\"lazy\" srcset=\"https:\/\/platinumst.com.br\/wp-content\/uploads\/2025\/09\/SaveClip.App_497105999_18003375488779645_2696247861303687064_n-300x300.jpg 300w, https:\/\/platinumst.com.br\/wp-content\/uploads\/2025\/09\/SaveClip.App_497105999_18003375488779645_2696247861303687064_n-1024x1024.jpg 1024w, https:\/\/platinumst.com.br\/wp-content\/uploads\/2025\/09\/SaveClip.App_497105999_18003375488779645_2696247861303687064_n-200x200.jpg 200w, https:\/\/platinumst.com.br\/wp-content\/uploads\/2025\/09\/SaveClip.App_497105999_18003375488779645_2696247861303687064_n-768x768.jpg 768w, https:\/\/platinumst.com.br\/wp-content\/uploads\/2025\/09\/SaveClip.App_497105999_18003375488779645_2696247861303687064_n.jpg 1080w\" sizes=\"(max-width: 300px) 100vw, 300px\" \/>\n            <\/div>\n        <\/div><div class=\"eael-entry-wrapper\"><header class=\"eael-entry-header\"><h2 class=\"eael-entry-title\"><a\n                        class=\"eael-grid-post-link\"\n                        href=\"https:\/\/platinumst.com.br\/index.php\/2025\/05\/12\/12-de-maio-dia-da-enfermagem\/\"\n                        title=\"12 de Maio \u2013 Dia da Enfermagem\">12 de Maio \u2013 Dia da Enfermagem<\/a><\/h2><\/header><div class=\"eael-entry-content\">\n                        <div class=\"eael-grid-post-excerpt\"><p>Hoje celebramos aqueles que dedicam suas vidas a cuidar do outro com compet\u00eancia, empatia e compromisso: os profissionais da enfermagem. Na Platinum, reconhecemos o papel essencial de cada...<\/p><\/div>\n                    <\/div><div class=\"eael-entry-footer\"><div class=\"eael-entry-meta\"><\/div><\/div><\/div><\/div>\n        <\/div>\n    <\/article><article class=\"eael-grid-post eael-post-grid-column\" data-id=\"26016\">\n        <div class=\"eael-grid-post-holder\">\n            <div class=\"eael-grid-post-holder-inner\"><div class=\"eael-entry-media\"><div class=\"eael-entry-overlay fade-in\"><i class=\"fas fa-long-arrow-alt-right\" aria-hidden=\"true\"><\/i><a href=\"https:\/\/platinumst.com.br\/index.php\/2025\/05\/11\/a-platinum-saude-homenageia-todas-as-maes\/\"><\/a><\/div><div class=\"eael-entry-thumbnail \">\n                <img width=\"241\" height=\"300\" src=\"https:\/\/platinumst.com.br\/wp-content\/uploads\/2025\/09\/SaveClip.App_496444560_18003093020779645_8112980437284428386_n-241x300.jpg\" class=\"attachment-medium size-medium wp-image-26017\" alt=\"\" decoding=\"async\" loading=\"lazy\" srcset=\"https:\/\/platinumst.com.br\/wp-content\/uploads\/2025\/09\/SaveClip.App_496444560_18003093020779645_8112980437284428386_n-241x300.jpg 241w, https:\/\/platinumst.com.br\/wp-content\/uploads\/2025\/09\/SaveClip.App_496444560_18003093020779645_8112980437284428386_n-822x1024.jpg 822w, https:\/\/platinumst.com.br\/wp-content\/uploads\/2025\/09\/SaveClip.App_496444560_18003093020779645_8112980437284428386_n-768x957.jpg 768w, https:\/\/platinumst.com.br\/wp-content\/uploads\/2025\/09\/SaveClip.App_496444560_18003093020779645_8112980437284428386_n.jpg 1080w\" sizes=\"(max-width: 241px) 100vw, 241px\" \/>\n            <\/div>\n        <\/div><div class=\"eael-entry-wrapper\"><header class=\"eael-entry-header\"><h2 class=\"eael-entry-title\"><a\n                        class=\"eael-grid-post-link\"\n                        href=\"https:\/\/platinumst.com.br\/index.php\/2025\/05\/11\/a-platinum-saude-homenageia-todas-as-maes\/\"\n                        title=\"A Platinum Sa\u00fade homenageia todas as m\u00e3es\">A Platinum Sa\u00fade homenageia todas as m\u00e3es<\/a><\/h2><\/header><div class=\"eael-entry-content\">\n                        <div class=\"eael-grid-post-excerpt\"><p>A Platinum Sa\u00fade homenageia todas as m\u00e3es, mulheres que inspiram, acolhem e cuidam com dedica\u00e7\u00e3o incondicional. Que cada gesto de carinho e prote\u00e7\u00e3o seja retribu\u00eddo com sa\u00fade, respeito...<\/p><\/div>\n                    <\/div><div class=\"eael-entry-footer\"><div class=\"eael-entry-meta\"><\/div><\/div><\/div><\/div>\n        <\/div>\n    <\/article><article class=\"eael-grid-post eael-post-grid-column\" data-id=\"26013\">\n        <div class=\"eael-grid-post-holder\">\n            <div class=\"eael-grid-post-holder-inner\"><div class=\"eael-entry-media\"><div class=\"eael-entry-overlay fade-in\"><i class=\"fas fa-long-arrow-alt-right\" aria-hidden=\"true\"><\/i><a href=\"https:\/\/platinumst.com.br\/index.php\/2025\/04\/18\/a-platinum-deseja-que-o-amor-e-a-esperanca-preencham-seu-coracao\/\"><\/a><\/div><div class=\"eael-entry-thumbnail \">\n                <img width=\"241\" height=\"300\" src=\"https:\/\/platinumst.com.br\/wp-content\/uploads\/2025\/09\/SaveClip.App_491498234_18000477971779645_5077000675951847996_n-241x300.jpg\" class=\"attachment-medium size-medium wp-image-26014\" alt=\"\" decoding=\"async\" loading=\"lazy\" srcset=\"https:\/\/platinumst.com.br\/wp-content\/uploads\/2025\/09\/SaveClip.App_491498234_18000477971779645_5077000675951847996_n-241x300.jpg 241w, https:\/\/platinumst.com.br\/wp-content\/uploads\/2025\/09\/SaveClip.App_491498234_18000477971779645_5077000675951847996_n-822x1024.jpg 822w, https:\/\/platinumst.com.br\/wp-content\/uploads\/2025\/09\/SaveClip.App_491498234_18000477971779645_5077000675951847996_n-768x957.jpg 768w, https:\/\/platinumst.com.br\/wp-content\/uploads\/2025\/09\/SaveClip.App_491498234_18000477971779645_5077000675951847996_n.jpg 1080w\" sizes=\"(max-width: 241px) 100vw, 241px\" \/>\n            <\/div>\n        <\/div><div class=\"eael-entry-wrapper\"><header class=\"eael-entry-header\"><h2 class=\"eael-entry-title\"><a\n                        class=\"eael-grid-post-link\"\n                        href=\"https:\/\/platinumst.com.br\/index.php\/2025\/04\/18\/a-platinum-deseja-que-o-amor-e-a-esperanca-preencham-seu-coracao\/\"\n                        title=\"A Platinum deseja que o amor e a esperan\u00e7a preencham seu cora\u00e7\u00e3o.\">A Platinum deseja que o amor e a esperan\u00e7a preencham seu cora\u00e7\u00e3o.<\/a><\/h2><\/header><div class=\"eael-entry-content\">\n                        <div class=\"eael-grid-post-excerpt\"><p>Nesta Sexta-feira Santa, a Platinum deseja que o amor e a esperan\u00e7a preencham seu cora\u00e7\u00e3o.Que seja um momento de reflex\u00e3o e de renova\u00e7\u00e3o interior. #SextaFeiraSanta#Paz#F\u00e9#platinumsa\u00fade<\/p><\/div>\n                    <\/div><div class=\"eael-entry-footer\"><div class=\"eael-entry-meta\"><\/div><\/div><\/div><\/div>\n        <\/div>\n    <\/article><\/div>\n            <div class=\"clearfix\"><\/div>\n        <\/div>            <div class=\"eael-load-more-button-wrap eael-force-hide\">\n                <button class=\"eael-load-more-button\" id=\"eael-load-more-btn-d4dfb30\" data-widget-id=\"d4dfb30\" data-widget=\"d4dfb30\" data-page-id=\"158\" data-nonce=\"db6073dd8e\" data-template=\"{&quot;dir&quot;:&quot;lite&quot;,&quot;file_name&quot;:&quot;default.php&quot;,&quot;name&quot;:&quot;Post-Grid&quot;}\" data-class=\"Essential_Addons_Elementor\\Elements\\Post_Grid\" data-layout=\"grid\" data-page=\"1\" data-args=\"orderby=date&amp;order=desc&amp;ignore_sticky_posts=1&amp;post_status=publish&amp;posts_per_page=4&amp;offset=0&amp;post_type=post\" data-max-page=\"11\">\n                    <div class=\"eael-btn-loader button__loader\"><\/div>\n                    <span>Load More<\/span>\n                <\/button>\n            <\/div>\n        \t\t<\/div>\n\t\t\t\t<\/div>\n\t\t\t\t\t<\/div>\n\t\t<\/div>\n\t\t\t\t\t\t\t<\/div>\n\t\t<\/section>\n\t\t\t\t\t\t\t<\/div>\n\t\t","protected":false},"excerpt":{"rendered":"<p>Ultimas Not\u00edcias Post test 3 Sed incidunt architecto et consequuntur neque qui dolorem perferendis et expedita quis sit mollitia harum. Est eius recusandae aut dicta placeat non dolorem reprehenderit et nemo eveniet non&#8230; Post teste 2 Id alias libero ut vero aliquam est vero autem sed fugiat illum id alias perspiciatis et nihil exercitationem hic &hellip;<\/p>\n<p class=\"read-more\"> <a class=\"\" href=\"https:\/\/platinumst.com.br\/index.php\/2025\/04\/18\/a-platinum-deseja-que-o-amor-e-a-esperanca-preencham-seu-coracao\/\"> <span class=\"screen-reader-text\">A Platinum deseja que o amor e a esperan\u00e7a preencham seu cora\u00e7\u00e3o.<\/span> Leia mais &raquo;<\/a><\/p>\n","protected":false},"author":1,"featured_media":0,"parent":0,"menu_order":0,"comment_status":"closed","ping_status":"closed","template":"","meta":{"om_disable_all_campaigns":false,"site-sidebar-layout":"no-sidebar","site-content-layout":"page-builder","ast-global-header-display":"","ast-banner-title-visibility":"","ast-main-header-display":"","ast-hfb-above-header-display":"","ast-hfb-below-header-display":"","ast-hfb-mobile-header-display":"","site-post-title":"disabled","ast-breadcrumbs-content":"","ast-featured-img":"disabled","footer-sml-layout":"","theme-transparent-header-meta":"enabled","adv-header-id-meta":"","stick-header-meta":"","header-above-stick-meta":"","header-main-stick-meta":"","header-below-stick-meta":""},"_links":{"self":[{"href":"https:\/\/platinumst.com.br\/index.php\/wp-json\/wp\/v2\/pages\/158"}],"collection":[{"href":"https:\/\/platinumst.com.br\/index.php\/wp-json\/wp\/v2\/pages"}],"about":[{"href":"https:\/\/platinumst.com.br\/index.php\/wp-json\/wp\/v2\/types\/page"}],"author":[{"embeddable":true,"href":"https:\/\/platinumst.com.br\/index.php\/wp-json\/wp\/v2\/users\/1"}],"replies":[{"embeddable":true,"href":"https:\/\/platinumst.com.br\/index.php\/wp-json\/wp\/v2\/comments?post=158"}],"version-history":[{"count":33,"href":"https:\/\/platinumst.com.br\/index.php\/wp-json\/wp\/v2\/pages\/158\/revisions"}],"predecessor-version":[{"id":25537,"href":"https:\/\/platinumst.com.br\/index.php\/wp-json\/wp\/v2\/pages\/158\/revisions\/25537"}],"wp:attachment":[{"href":"https:\/\/platinumst.com.br\/index.php\/wp-json\/wp\/v2\/media?parent=158"}],"curies":[{"name":"wp","href":"https:\/\/api.w.org\/{rel}","templated":true}]}}